{"id":687,"date":"2016-10-02T12:19:55","date_gmt":"2016-10-02T11:19:55","guid":{"rendered":"https:\/\/kolokolo.info\/dijeron-de-nosotros\/"},"modified":"2016-10-02T12:19:55","modified_gmt":"2016-10-02T11:19:55","slug":"dijeron-de-nosotros","status":"publish","type":"page","link":"https:\/\/kolokolo.info\/es\/dijeron-de-nosotros\/","title":{"rendered":"Dijeron de nosotros"},"content":{"rendered":"<p><iframe loading=\"lazy\" style=\"border: none; overflow: hidden;\" src=\"https:\/\/www.facebook.com\/plugins\/video.php?href=https%3A%2F%2Fwww.facebook.com%2Fmestskateleviziatrnava%2Fvideos%2F1309867585713298%2F&amp;show_text=1&amp;width=560\" height=\"420\" width=\"560\" frameborder=\"0\" scrolling=\"no\"><\/iframe><\/p>\n<p><strong>NUESTRA TRNAVA: El Ayuntamiento compra cuarenta bicicletas y las entrega a los estudiantes<\/strong><\/p>\n<p>Las bicicletas con el escudo de la ciudad se pondr\u00e1n a disposici\u00f3n de la asociaci\u00f3n c\u00edvica Kolokolo, que las prestar\u00e1 a los estudiantes y, con el tiempo, quiz\u00e1 a otras personas interesadas.<a href=\"http:\/\/nasatrnava.sme.sk\/c\/20345862\/radnica-kupuje-styridsat-bicyklov-poskytne-ich-studentom.html#ixzz4MP5s3dKShttp:\/\/\" target=\"_blank\">..M\u00c1S<\/a><\/p>\n<p><strong><a href=\"http:\/\/kolokolo.info\/wp-content\/uploads\/trnava_live_logo-web.jpg\"><img loading=\"lazy\" decoding=\"async\" class=\"alignright wp-image-396\" alt=\"trnava_live_logo-web\" src=\"http:\/\/kolokolo.info\/wp-content\/uploads\/trnava_live_logo-web.jpg\" width=\"101\" height=\"26\"><\/a><\/strong><strong>TRNAVA-LIVE: Los estudiantes recorrer\u00e1n Trnava en bicicletas retro transformadas con estilo<\/strong><\/p>\n<p>A partir de septiembre, los estudiantes de la Universidad de San Cirilo y Metodio de Trnava (UCM) se desplazar\u00e1n entre facultades repartidas en tres lugares distintos en elegantes bicicletas retro. Adam Peciar, aficionado al ciclismo y uno de los coorganizadores del exitoso proyecto Bercajgel, que tiene entre sus prioridades la promoci\u00f3n del ciclismo urbano o el rescate y restauraci\u00f3n con estilo de bicicletas antiguas, est\u00e1 preparando el lanzamiento del proyecto BIKE con un grupo de entusiastas: estudiantes de la Facultad de Comunicaci\u00f3n de Medios de Comunicaci\u00f3n de la UCM de Trnava y miembros de la asociaci\u00f3n Back Space. La idea es proporcionar a los estudiantes unas 20 bicicletas para que circulen por las calles de la ciudad&#8230;   <strong><a href=\"http:\/\/www.trnava-live.sk\/2012\/01\/26\/studenti-sa-budu-presuvat-po-trnave-na-stylovo-prerobenych-retro-bicykloch\/\" target=\"_blank\">M\u00c1S<\/a><\/strong><\/p>\n<p><strong>aetter.sk: Kolokolo mlynsk\u00e9<\/strong><\/p>\n<p>\u00bfT\u00fa tambi\u00e9n sientes que te pasas la mayor parte del d\u00eda yendo de Jama a Skladova, de Skladova a Oko, y as\u00ed todo el d\u00eda? El viaje constante en taxi es bastante caro para un estudiante pobre, a la ciudad se va una vez cada \u00aba\u00f1o h\u00fangaro\u00bb y nuestras piernas ya no pueden m\u00e1s. A los estudiantes de FMK se les ocurri\u00f3 una idea original. Se basa en alquilar bicicletas a otros estudiantes despistados que no tienen bicicleta o coche propios, y no tienen valor para pasear por Trnava durante horas todos los d\u00edas&#8230;   <strong><a href=\"http:\/\/www.aetter.sk\/kolo-kolo-mlynske\/\" target=\"_blank\">M\u00c1S<\/a><\/strong><\/p>\n<p><strong><a href=\"http:\/\/kolokolo.info\/wp-content\/uploads\/trnava24_sk.png\"><img loading=\"lazy\" decoding=\"async\" class=\"alignright wp-image-400\" alt=\"trnava24_es\" src=\"http:\/\/kolokolo.info\/wp-content\/uploads\/trnava24_sk.png\" width=\"100\" height=\"27\"><\/a>TRNAVA 24: Una idea que promueve el uso de la bicicleta en las calles de Trnava: se prestan bicicletas a los estudiantes<\/strong><\/p>\n<p>En Trnava est\u00e1n llevando a cabo con \u00e9xito un interesante proyecto. La asociaci\u00f3n c\u00edvica ofrece alquiler de bicicletas para que los estudiantes se muevan r\u00e1pida y eficazmente por la ciudad.Detr\u00e1s de todo est\u00e1 el proyecto estudiantil KOLOKOLO, que entra con \u00e9xito en su quinta temporada en Trnava.   <em>\u00abKOLOKOLO\u00bb es una asociaci\u00f3n c\u00edvica cuyos miembros son representantes de las distintas universidades y escuelas superiores de Trnava. Tambi\u00e9n contamos con varios voluntarios o simpatizantes en el n\u00famero de miembros. Tambi\u00e9n ya pasivos, pero apoyando a los fundadores, un grupo de Back-Space,  <\/em><strong><em>\u00bb <\/em><\/strong>explica Adam Peciar, voluntario del proyecto&#8230;<a href=\"http:\/\/trnava.dnes24.sk\/napad-ktory-podporuje-cyklodopravu-v-uliciach-trnavy-ludom-poziciavaju-bicykle-250606\" target=\"_blank\"><strong>M\u00c1S<\/strong><\/a><\/p>\n<p><strong><a href=\"http:\/\/kolokolo.info\/wp-content\/uploads\/th.gif\"><img loading=\"lazy\" decoding=\"async\" class=\"alignright wp-image-401\" alt=\"th\" src=\"http:\/\/kolokolo.info\/wp-content\/uploads\/th-470x99.gif\" width=\"101\" height=\"21\"><\/a>TRNAVSK\u00dd HLAS: Recorrer\u00e1n Trnava en retrobikes, antiguos ucranianos<\/strong><\/p>\n<p>Un grupo de j\u00f3venes universitarios ha ideado un interesante proyecto llamado Kolokolo. Quieren demostrar a sus compa\u00f1eros que es mejor disfrutar de un relajante paseo en bici que recorrer la ciudad a pie. Patrik Hud\u00e1k (21), estudiante de la Facultad de Comunicaci\u00f3n de Medios de Comunicaci\u00f3n (FMK), recorre Trnava en una vieja Ucrania. No la cambiar\u00eda por una bici nueva. La Ucrania tiene m\u00e1s estilo y, adem\u00e1s, las bellezas de anta\u00f1o ya no son codiciadas por los ladrones de hoy. Su amigo Adam Peciar (24) restaura esas viejas y anticuadas Ucranianas. Los chicos juntaron sus cabezas para crear un interesante proyecto para estudiantes universitarios locales. Lo llamaron Kolokolo&#8230;       <a href=\"http:\/\/www.trnavskyhlas.sk\/c\/6401-po-trnave-budu-jazdit-na-retrobicykloch-niekdajsich-ukrajinach.htm\" target=\"_blank\"><strong>M\u00c1S<\/strong><\/a><\/p>\n","protected":false},"excerpt":{"rendered":"<p>NUESTRA TRNAVA: El Ayuntamiento compra cuarenta bicicletas y las entrega a los estudiantes Las bicicletas con el escudo de la ciudad se [&hellip;]<\/p>\n","protected":false},"author":3,"featured_media":0,"parent":0,"menu_order":0,"comment_status":"open","ping_status":"open","template":"","meta":{"footnotes":""},"class_list":["post-687","page","type-page","status-publish","hentry"],"_links":{"self":[{"href":"https:\/\/kolokolo.info\/es\/wp-json\/wp\/v2\/pages\/687","targetHints":{"allow":["GET"]}}],"collection":[{"href":"https:\/\/kolokolo.info\/es\/wp-json\/wp\/v2\/pages"}],"about":[{"href":"https:\/\/kolokolo.info\/es\/wp-json\/wp\/v2\/types\/page"}],"author":[{"embeddable":true,"href":"https:\/\/kolokolo.info\/es\/wp-json\/wp\/v2\/users\/3"}],"replies":[{"embeddable":true,"href":"https:\/\/kolokolo.info\/es\/wp-json\/wp\/v2\/comments?post=687"}],"version-history":[{"count":0,"href":"https:\/\/kolokolo.info\/es\/wp-json\/wp\/v2\/pages\/687\/revisions"}],"wp:attachment":[{"href":"https:\/\/kolokolo.info\/es\/wp-json\/wp\/v2\/media?parent=687"}],"curies":[{"name":"wp","href":"https:\/\/api.w.org\/{rel}","templated":true}]}}