{"id":693,"date":"2013-12-09T23:35:18","date_gmt":"2013-12-09T22:35:18","guid":{"rendered":"https:\/\/kolokolo.info\/sobre-el-proyecto\/"},"modified":"2013-12-09T23:35:18","modified_gmt":"2013-12-09T22:35:18","slug":"sobre-el-proyecto","status":"publish","type":"page","link":"https:\/\/kolokolo.info\/es\/sobre-el-proyecto\/","title":{"rendered":"Sobre el proyecto"},"content":{"rendered":"<p>Kolokolo es un proyecto de alquiler de bicicletas para estudiantes para todos aquellos que no tengan su propia bicicleta. Ya tenemos m\u00e1s de 50 inquilinos satisfechos, pod\u00edas ver nuestras bicis en el festival de Pohoda, o durante el trabajo de campo de la asociaci\u00f3n Storm, o delante de los edificios de la Universidad de St. Cirilo y Metodio.<\/p>\n<div class=\"su-row\">\n<div class=\"su-column su-column-size-1-2\"><div class=\"su-column-inner su-u-clearfix su-u-trim\">\n<p><iframe loading=\"lazy\" src=\"http:\/\/www.slideshare.net\/slideshow\/embed_code\/11125911\" width=\"427\" height=\"356\" frameborder=\"0\" marginwidth=\"0\" marginheight=\"0\" scrolling=\"no\" style=\"border:1px solid #CCC; border-width:1px 1px 0; margin-bottom:5px; max-width: 100%;\" allowfullscreen=\"\"> <\/iframe> <\/p>\n<div style=\"margin-bottom:5px\"> <\/div>\n<\/div><\/div>\n<p>&nbsp;<\/p>\n<div class=\"su-column su-column-size-1-2\"><div class=\"su-column-inner su-u-clearfix su-u-trim\">\n<div class=\"su-youtube su-u-responsive-media-yes\"><iframe loading=\"lazy\" width=\"427\" height=\"356\" src=\"https:\/\/www.youtube.com\/embed\/bySZCEYC18w?\" frameborder=\"0\" allowfullscreen allow=\"autoplay; encrypted-media; picture-in-picture\" title=\"\"><\/iframe><\/div>\n<\/div><\/div>\n<\/div>\n","protected":false},"excerpt":{"rendered":"<p>Kolokolo es un proyecto de alquiler de bicicletas para estudiantes para todos aquellos que no tengan su propia bicicleta. Ya tenemos m\u00e1s [&hellip;]<\/p>\n","protected":false},"author":1,"featured_media":0,"parent":0,"menu_order":0,"comment_status":"closed","ping_status":"closed","template":"","meta":{"footnotes":""},"class_list":["post-693","page","type-page","status-publish","hentry"],"_links":{"self":[{"href":"https:\/\/kolokolo.info\/es\/wp-json\/wp\/v2\/pages\/693","targetHints":{"allow":["GET"]}}],"collection":[{"href":"https:\/\/kolokolo.info\/es\/wp-json\/wp\/v2\/pages"}],"about":[{"href":"https:\/\/kolokolo.info\/es\/wp-json\/wp\/v2\/types\/page"}],"author":[{"embeddable":true,"href":"https:\/\/kolokolo.info\/es\/wp-json\/wp\/v2\/users\/1"}],"replies":[{"embeddable":true,"href":"https:\/\/kolokolo.info\/es\/wp-json\/wp\/v2\/comments?post=693"}],"version-history":[{"count":0,"href":"https:\/\/kolokolo.info\/es\/wp-json\/wp\/v2\/pages\/693\/revisions"}],"wp:attachment":[{"href":"https:\/\/kolokolo.info\/es\/wp-json\/wp\/v2\/media?parent=693"}],"curies":[{"name":"wp","href":"https:\/\/api.w.org\/{rel}","templated":true}]}}