{"id":703,"date":"2013-12-09T23:35:02","date_gmt":"2013-12-09T22:35:02","guid":{"rendered":"https:\/\/kolokolo.info\/ponte-en-contacto-con\/"},"modified":"2013-12-09T23:35:02","modified_gmt":"2013-12-09T22:35:02","slug":"ponte-en-contacto-con","status":"publish","type":"page","link":"https:\/\/kolokolo.info\/es\/ponte-en-contacto-con\/","title":{"rendered":"Ponte en contacto con"},"content":{"rendered":"<p>El proyecto Kolokolo est\u00e1 organizado por la asociaci\u00f3n c\u00edvica Kolokolo<\/p>\n<p>Coloquio o.z. G.<br \/>\nSteinera 1 917 02 Trnava<\/p>\n<p>IDENTIFICADOR: 50442660<\/p>\n<p>Cuenta transparente de la asociaci\u00f3n: SK65 8330 0000 0029 0106 7260 Banco FIO<br \/>\n<a href=\"https:\/\/www.fio.sk\/ib2\/transparent?a=2901067260\" target=\"_blank\" rel=\"noopener\">VER CUENTA TRANSPARENTE<\/a><\/p>\n<p><strong style=\"color: #444444; letter-spacing: -1px;\">Persona responsable del proyecto<\/strong><\/p>\n<p><a href=\"mailto:kolotrnava@gmail.com\" target=\"_blank\" rel=\"noopener\">kolotrnava@gmail.com<\/a><\/p>\n<p><strong>Coordinadora de Proyectos<\/strong><\/p>\n<p>Adam +421 951 935 234<\/p>\n","protected":false},"excerpt":{"rendered":"<p>El proyecto Kolokolo est\u00e1 organizado por la asociaci\u00f3n c\u00edvica Kolokolo Coloquio o.z. G. Steinera 1 917 02 Trnava IDENTIFICADOR: 50442660 Cuenta transparente [&hellip;]<\/p>\n","protected":false},"author":1,"featured_media":0,"parent":0,"menu_order":0,"comment_status":"closed","ping_status":"open","template":"","meta":{"footnotes":""},"class_list":["post-703","page","type-page","status-publish","hentry"],"_links":{"self":[{"href":"https:\/\/kolokolo.info\/es\/wp-json\/wp\/v2\/pages\/703","targetHints":{"allow":["GET"]}}],"collection":[{"href":"https:\/\/kolokolo.info\/es\/wp-json\/wp\/v2\/pages"}],"about":[{"href":"https:\/\/kolokolo.info\/es\/wp-json\/wp\/v2\/types\/page"}],"author":[{"embeddable":true,"href":"https:\/\/kolokolo.info\/es\/wp-json\/wp\/v2\/users\/1"}],"replies":[{"embeddable":true,"href":"https:\/\/kolokolo.info\/es\/wp-json\/wp\/v2\/comments?post=703"}],"version-history":[{"count":0,"href":"https:\/\/kolokolo.info\/es\/wp-json\/wp\/v2\/pages\/703\/revisions"}],"wp:attachment":[{"href":"https:\/\/kolokolo.info\/es\/wp-json\/wp\/v2\/media?parent=703"}],"curies":[{"name":"wp","href":"https:\/\/api.w.org\/{rel}","templated":true}]}}