{"id":704,"date":"2013-12-09T23:37:52","date_gmt":"2013-12-09T22:37:52","guid":{"rendered":"https:\/\/kolokolo.info\/kolokolo-bicicletas-para-los-estudiantes-de-trnava\/"},"modified":"2013-12-09T23:37:52","modified_gmt":"2013-12-09T22:37:52","slug":"kolokolo-bicicletas-para-los-estudiantes-de-trnava","status":"publish","type":"page","link":"https:\/\/kolokolo.info\/es\/","title":{"rendered":"Kolokolo &#8211; bicicletas para los estudiantes de Trnava"},"content":{"rendered":"<div class=\"su-row\"><div class=\"su-column su-column-size-1-2\"><div class=\"su-column-inner su-u-clearfix su-u-trim\">  Hace cinco a\u00f1os, a un grupo de j\u00f3venes universitarios se les ocurri\u00f3 una idea para ayudar a sus amigos a superar largas distancias dentro de la ciudad de Trnava. Anunciaron una colecci\u00f3n de viejas bicicletas en desuso, que luego repararon para convertirlas en nuevos y elegantes medios de transporte. As\u00ed naci\u00f3 Kolokolo. Las primeras 20 bicicletas s\u00f3lo pod\u00edan ser prestadas por los alumnos de una facultad, de la que proced\u00edan los autores y ejecutores del proyecto Kolokolo. Mientras tanto, se cre\u00f3 un consejo universitario en Trnava, que manifest\u00f3 su inter\u00e9s en asumir el patrocinio de este proyecto y ampliarlo a todas las universidades de la ciudad.<\/p>\n<p><b>EMPEZAMOS DE NUEVO, \u00a1PARA TODOS!<\/b><\/p>\n<p>Este curso acad\u00e9mico, por primera vez, habr\u00e1 bicicletas a disposici\u00f3n de los estudiantes de todas las universidades que operan en Trnava. La propia ciudad de Trnava tambi\u00e9n contribuy\u00f3 a satisfacer el n\u00famero de curiosos. Decidi\u00f3 comprar bicicletas nuevas para acompa\u00f1ar a las antiguas bicicletas renovadas. Para ello, ha previsto una ayuda financiera con cargo al presupuesto. La flota verde de Kolokolo consta de unas <b>100 bicicletas<\/b> hasta la fecha.<\/p>\n<p><b>\u00bfC\u00d3MO PUEDO ALQUILAR UNA BICI?<\/b><\/p>\n<p>Puedes alquilar una bici para un semestre o para todo el curso acad\u00e9mico. <b>El alquiler<\/b> es simb\u00f3lico, para <b>el semestre de invierno 10 euros y el semestre de verano cuesta actualmente S\u00d3LO 15 euros<\/b>. Y si est\u00e1s realmente interesado, tambi\u00e9n puedes rellenar el formulario de inscripci\u00f3n de esta p\u00e1gina. Luego s\u00f3lo tienes que esperar el correo de confirmaci\u00f3n.  <\/div><\/div> <div class=\"su-column su-column-size-1-2\"><div class=\"su-column-inner su-u-clearfix su-u-trim\"> <div class=\"su-youtube su-u-responsive-media-yes\"><iframe loading=\"lazy\" width=\"440\" height=\"320\" src=\"https:\/\/www.youtube.com\/embed\/bySZCEYC18w?\" frameborder=\"0\" allowfullscreen allow=\"autoplay; encrypted-media; picture-in-picture\" title=\"\"><\/iframe><\/div> <\/div><\/div><\/div> <div class=\"su-spacer\" style=\"height:20px\"><\/div> <div class=\"su-button-center\"><a href=\"http:\/\/kolokolo.info\/chcem-bicykel\/\" class=\"su-button su-button-style-flat su-button-wide\" style=\"color:#FFFFFF;background-color:#2D89EF;border-color:#246ec0;border-radius:0px\" target=\"_self\"><span style=\"color:#FFFFFF;padding:9px 30px;font-size:22px;line-height:33px;border-color:#6cadf4;border-radius:0px;text-shadow:none\"><i class=\"sui sui-rocket\" style=\"font-size:22px;color:#FFFFFF\"><\/i> \u00a1Quiero las f\u00e1bulas de Kolokolo!<\/span><\/a><\/div> <div class=\"su-spacer\" style=\"height:20px\"><\/div>\n","protected":false},"excerpt":{"rendered":"","protected":false},"author":1,"featured_media":0,"parent":0,"menu_order":0,"comment_status":"closed","ping_status":"closed","template":"","meta":{"footnotes":""},"class_list":["post-704","page","type-page","status-publish","hentry"],"_links":{"self":[{"href":"https:\/\/kolokolo.info\/es\/wp-json\/wp\/v2\/pages\/704","targetHints":{"allow":["GET"]}}],"collection":[{"href":"https:\/\/kolokolo.info\/es\/wp-json\/wp\/v2\/pages"}],"about":[{"href":"https:\/\/kolokolo.info\/es\/wp-json\/wp\/v2\/types\/page"}],"author":[{"embeddable":true,"href":"https:\/\/kolokolo.info\/es\/wp-json\/wp\/v2\/users\/1"}],"replies":[{"embeddable":true,"href":"https:\/\/kolokolo.info\/es\/wp-json\/wp\/v2\/comments?post=704"}],"version-history":[{"count":0,"href":"https:\/\/kolokolo.info\/es\/wp-json\/wp\/v2\/pages\/704\/revisions"}],"wp:attachment":[{"href":"https:\/\/kolokolo.info\/es\/wp-json\/wp\/v2\/media?parent=704"}],"curies":[{"name":"wp","href":"https:\/\/api.w.org\/{rel}","templated":true}]}}